{"id":80,"date":"2023-12-19T23:25:36","date_gmt":"2023-12-19T22:25:36","guid":{"rendered":"http:\/\/ns3193092.ip-152-228-221.eu:10500\/?page_id=80"},"modified":"2024-01-06T11:42:29","modified_gmt":"2024-01-06T10:42:29","slug":"presentation","status":"publish","type":"page","link":"https:\/\/huette.fr\/index.php\/presentation\/","title":{"rendered":"Pr\u00e9sentation"},"content":{"rendered":"\n<p><strong>La Soci\u00e9t\u00e9 <\/strong><\/p>\n\n\n\n<p>La soci\u00e9t\u00e9 HUETTE, est une entreprise familiale au service des professionnels des m\u00e9tiers de bouche : Boulangeries, P\u00e2tisseries, Traiteurs, Restaurateurs, Chocolatiers, etc. &#8230; <\/p>\n\n\n\n<p>Membre du r\u00e9seau DISGROUP, notre entrep\u00f4t situ\u00e9 \u00e0 CRACH, distribue depuis plus de 40 ans des produits alimentaires, produits frais, produits surgel\u00e9s, emballages et mat\u00e9riels dans le Morbihan et le Finist\u00e8re SUD.<\/p>\n\n\n\n<p><strong>Le R\u00e9seau DISGROUP<\/strong><\/p>\n\n\n\n<p>DISGROUP est un r\u00e9seau de distributeurs alimentaire, son entrep\u00f4t de plus de 10 000 m\u00b2, permet de proposer une large gamme de produits et de r\u00e9pondre tr\u00e8s rapidement a une demande en constante \u00e9volution.<\/p>\n\n\n\n<p>DISGROUP \u00e0&nbsp;d\u00e9velopp\u00e9 4 marques MDD pour r\u00e9pondre \u00e0 l&rsquo;ensemble des besoins des professionnels et artisans \u00e0 la fois en&nbsp;<strong>produits alimentaires<\/strong>, en produits d&rsquo;hygi\u00e8ne, en mat\u00e9riel ou encore en&nbsp;<a href=\"https:\/\/www.disgroup.fr\/familles\/famille-17-l-emballage\">emballages<\/a>&nbsp;:&nbsp;<a href=\"https:\/\/www.disgroup.fr\/familles\/famille-2-mdd-disgroup\">DISGROUP<\/a>,&nbsp;<a href=\"https:\/\/www.disgroup.fr\/familles\/famille-2-mdd-disgroup\">Le P&rsquo;tit Benoit<\/a>,&nbsp;<a href=\"https:\/\/www.disgroup.fr\/familles\/famille-4-mdd-chef-raymond\">Chef Raymond<\/a>&nbsp;et&nbsp;<a href=\"https:\/\/www.disgroup.fr\/familles\/famille-5-mdd-essentiels\">Les essentiels<\/a>. En plus de ces 4 marques, DISGROUP travaille en exclusivit\u00e9 avec le fournisseur IRCA afin de vous proposer toute&nbsp;<a href=\"https:\/\/www.disgroup.fr\/familles\/famille-6-irca\">une gamme de produits sp\u00e9cifiques<\/a>&nbsp;pour la boulangerie, p\u00e2tisserie, glacerie et chocolaterie.<\/p>\n","protected":false},"excerpt":{"rendered":"<p>La Soci\u00e9t\u00e9 La soci\u00e9t\u00e9 HUETTE, est une entreprise familiale au service des professionnels des m\u00e9tiers de bouche : Boulangeries, P\u00e2tisseries, Traiteurs, Restaurateurs, Chocolatiers, etc. &#8230; Membre du r\u00e9seau DISGROUP, notre entrep\u00f4t situ\u00e9 \u00e0 CRACH, distribue depuis plus de 40 ans des produits alimentaires, produits frais, produits surgel\u00e9s, emballages et mat\u00e9riels dans le Morbihan et le [&hellip;]<\/p>\n","protected":false},"author":1,"featured_media":0,"parent":0,"menu_order":0,"comment_status":"closed","ping_status":"closed","template":"","meta":{"footnotes":""},"class_list":["post-80","page","type-page","status-publish","hentry"],"_links":{"self":[{"href":"https:\/\/huette.fr\/index.php\/wp-json\/wp\/v2\/pages\/80","targetHints":{"allow":["GET"]}}],"collection":[{"href":"https:\/\/huette.fr\/index.php\/wp-json\/wp\/v2\/pages"}],"about":[{"href":"https:\/\/huette.fr\/index.php\/wp-json\/wp\/v2\/types\/page"}],"author":[{"embeddable":true,"href":"https:\/\/huette.fr\/index.php\/wp-json\/wp\/v2\/users\/1"}],"replies":[{"embeddable":true,"href":"https:\/\/huette.fr\/index.php\/wp-json\/wp\/v2\/comments?post=80"}],"version-history":[{"count":8,"href":"https:\/\/huette.fr\/index.php\/wp-json\/wp\/v2\/pages\/80\/revisions"}],"predecessor-version":[{"id":449,"href":"https:\/\/huette.fr\/index.php\/wp-json\/wp\/v2\/pages\/80\/revisions\/449"}],"wp:attachment":[{"href":"https:\/\/huette.fr\/index.php\/wp-json\/wp\/v2\/media?parent=80"}],"curies":[{"name":"wp","href":"https:\/\/api.w.org\/{rel}","templated":true}]}}